{"id":12,"date":"2007-04-16T14:37:31","date_gmt":"2007-04-16T11:37:31","guid":{"rendered":"http:\/\/www.oebibli.ru.acad.bg\/de\/?page_id=7"},"modified":"2026-03-05T17:19:05","modified_gmt":"2026-03-05T14:19:05","slug":"%d0%bd%d0%be%d0%b2%d0%b8%d0%bd%d0%b8","status":"publish","type":"page","link":"https:\/\/oebibli.uni-ruse.bg\/de\/?page_id=12","title":{"rendered":"Events"},"content":{"rendered":"<p><a href=\"https:\/\/oebibli.uni-ruse.bg\/de\/wp-content\/uploads\/web2_de.png\"><img decoding=\"async\" loading=\"lazy\" class=\"size-medium wp-image-227 alignleft\" src=\"https:\/\/oebibli.uni-ruse.bg\/de\/wp-content\/uploads\/web2_de-300x200.png\" alt=\"\" width=\"300\" height=\"200\" srcset=\"https:\/\/oebibli.uni-ruse.bg\/de\/wp-content\/uploads\/web2_de-300x200.png 300w, https:\/\/oebibli.uni-ruse.bg\/de\/wp-content\/uploads\/web2_de-1024x683.png 1024w, https:\/\/oebibli.uni-ruse.bg\/de\/wp-content\/uploads\/web2_de-768x512.png 768w, https:\/\/oebibli.uni-ruse.bg\/de\/wp-content\/uploads\/web2_de.png 1536w\" sizes=\"(max-width: 300px) 100vw, 300px\" \/><\/a><\/p>\n<p>Sehr geehrte Besucherinnen und Besucher,<\/p>\n<p>f\u00fcr aktuelle Informationen zu den Veranstaltungen der<br \/>\n\u00d6sterreich-Bibliothek \u201eElias Canetti\u201c \u2013 Ruse<br \/>\nbesuchen Sie bitte die Website der<br \/>\nInternationalen Elias Canetti Gesellschaft.<\/p>\n<p data-start=\"319\" data-end=\"338\"><strong data-start=\"319\" data-end=\"338\">N\u00fctzliche Links<\/strong><\/p>\n<p data-start=\"340\" data-end=\"479\"><strong data-start=\"340\" data-end=\"353\">Aktuelles<\/strong> \u2192 <a href=\"http:\/\/eliascanetti.org\/de\/aktuelles\/\" target=\"_blank\" rel=\"noopener\">http:\/\/eliascanetti.org\/de\/aktuelles\/<\/a><br data-start=\"399\" data-end=\"402\" \/><strong data-start=\"402\" data-end=\"427\">\u00d6sterreich-Bibliothek<\/strong> \u2192<a href=\"http:\/\/eliascanetti.org\/de\/osterreich-bibliothek\/\" target=\"_blank\" rel=\"noopener\">http:\/\/eliascanetti.org\/de\/osterreich-bibliothek\/<\/a><\/p>\n<p data-start=\"481\" data-end=\"539\"><strong data-start=\"481\" data-end=\"493\">Kontakt:<\/strong><br data-start=\"493\" data-end=\"496\" \/><a href=\"https:\/\/oebibli.uni-ruse.bg\/de\/?page_id=23\" target=\"_blank\" rel=\"noopener\">https:\/\/oebibli.uni-ruse.bg\/de\/?page_id=23<\/a><\/p>\n<p data-start=\"541\" data-end=\"565\"><strong data-start=\"541\" data-end=\"565\">Ausgew\u00e4hlte Beitr\u00e4ge<\/strong><\/p>\n<p><strong>15.10.2025 &#8211; Gro\u00dfes Silbernes Ehrenzeichen f\u00fcr Verdienste um die Republik \u00d6sterreich f\u00fcr Prof. Dr. Penka Angelova<\/strong><\/p>\n<p><a href=\"https:\/\/oebibli.uni-ruse.bg\/bg\/wp-content\/uploads\/web1.jpg\"><img decoding=\"async\" loading=\"lazy\" class=\"size-medium wp-image-311 alignleft\" src=\"https:\/\/oebibli.uni-ruse.bg\/bg\/wp-content\/uploads\/web1-300x200.jpg\" alt=\"\" width=\"300\" height=\"200\" \/><\/a><\/p>\n<p>Am 15. Oktober 2025 wurde Prof. Dr. Penka Angelova \u2013 renommierte Literatur- und Kulturwissenschaftlerin, \u00dcbersetzerin sowie langj\u00e4hrige Dozentin an der Universit\u00e4t \u201eSt. St. Cyril und Method\u201c und der Universit\u00e4t Ruse \u201eAngel Kanchev\u201c \u2013 mit dem \u201eGro\u00dfen Silbernen Ehrenzeichen f\u00fcr Verdienste um die Republik \u00d6sterreich\u201c ausgezeichnet. Die Auszeichnung wurde ihr von der \u00f6sterreichischen Botschafterin in Bulgarien, I. E. Andrea Iki\u0107-B\u00f6hm, bei einer feierlichen Zeremonie im Theatergeb\u00e4ude in Ruse \u00fcberreicht, dem Sitz der \u00d6sterreich-Bibliothek \u201eElias Canetti\u201c.<\/p>\n<p>Die Ehrung w\u00fcrdigt Prof. Angelovas langj\u00e4hriges Engagement f\u00fcr den kulturellen Austausch zwischen \u00d6sterreich und Bulgarien sowie ihren bedeutenden Beitrag zur F\u00f6rderung der Literatur, insbesondere des Werkes des Nobelpreistr\u00e4gers Elias Canetti. Die Veranstaltung fand im Rahmen der Feierlichkeiten zum 20-j\u00e4hrigen Bestehen der \u00d6sterreich-Bibliothek in Ruse statt und versammelte zahlreiche Vertreter aus Kultur, Wissenschaft und Diplomatie.<\/p>\n<p>Die vollst\u00e4ndige Meldung und weitere Eindr\u00fccke finden Sie im Originalbeitrag auf der Website der Internationalen Elias-Canetti-Gesellschaft:\u3000<a href=\"http:\/\/eliascanetti.org\/2025\/10\/21\/golyam-srebaren-orden-za-zaslugi-kam-republika-avstriya-za-prof-penka-angelova-2\/\" target=\"_blank\" rel=\"noopener\">http:\/\/eliascanetti.org\/2025\/10\/21\/golyam-srebaren-orden-za-zaslugi-kam-republika-avstriya-za-prof-penka-angelova-2\/<\/a><\/p>\n","protected":false},"excerpt":{"rendered":"<p>Sehr geehrte Besucherinnen und Besucher, f\u00fcr aktuelle Informationen zu den Veranstaltungen der \u00d6sterreich-Bibliothek \u201eElias Canetti\u201c \u2013 Ruse besuchen Sie bitte die Website der Internationalen Elias Canetti Gesellschaft. N\u00fctzliche Links Aktuelles \u2192 http:\/\/eliascanetti.org\/de\/aktuelles\/\u00d6sterreich-Bibliothek \u2192http:\/\/eliascanetti.org\/de\/osterreich-bibliothek\/ Kontakt:https:\/\/oebibli.uni-ruse.bg\/de\/?page_id=23 Ausgew\u00e4hlte Beitr\u00e4ge 15.10.2025 &#8211; Gro\u00dfes Silbernes Ehrenzeichen f\u00fcr Verdienste um die Republik \u00d6sterreich f\u00fcr Prof. Dr. Penka Angelova Am 15. Oktober [&hellip;]<\/p>\n","protected":false},"author":1,"featured_media":0,"parent":1,"menu_order":0,"comment_status":"closed","ping_status":"closed","template":"","meta":[],"_links":{"self":[{"href":"https:\/\/oebibli.uni-ruse.bg\/de\/index.php?rest_route=\/wp\/v2\/pages\/12"}],"collection":[{"href":"https:\/\/oebibli.uni-ruse.bg\/de\/index.php?rest_route=\/wp\/v2\/pages"}],"about":[{"href":"https:\/\/oebibli.uni-ruse.bg\/de\/index.php?rest_route=\/wp\/v2\/types\/page"}],"author":[{"embeddable":true,"href":"https:\/\/oebibli.uni-ruse.bg\/de\/index.php?rest_route=\/wp\/v2\/users\/1"}],"replies":[{"embeddable":true,"href":"https:\/\/oebibli.uni-ruse.bg\/de\/index.php?rest_route=%2Fwp%2Fv2%2Fcomments&post=12"}],"version-history":[{"count":26,"href":"https:\/\/oebibli.uni-ruse.bg\/de\/index.php?rest_route=\/wp\/v2\/pages\/12\/revisions"}],"predecessor-version":[{"id":231,"href":"https:\/\/oebibli.uni-ruse.bg\/de\/index.php?rest_route=\/wp\/v2\/pages\/12\/revisions\/231"}],"up":[{"embeddable":true,"href":"https:\/\/oebibli.uni-ruse.bg\/de\/index.php?rest_route=\/wp\/v2\/pages\/1"}],"wp:attachment":[{"href":"https:\/\/oebibli.uni-ruse.bg\/de\/index.php?rest_route=%2Fwp%2Fv2%2Fmedia&parent=12"}],"curies":[{"name":"wp","href":"https:\/\/api.w.org\/{rel}","templated":true}]}}