{"id":13,"date":"2007-04-16T14:43:26","date_gmt":"2007-04-16T11:43:26","guid":{"rendered":"http:\/\/www.oebibli.ru.acad.bg\/de\/?page_id=13"},"modified":"2026-02-05T16:49:52","modified_gmt":"2026-02-05T13:49:52","slug":"%d0%b7%d0%b0-%d0%bd%d0%b0%d1%81","status":"publish","type":"page","link":"https:\/\/oebibli.uni-ruse.bg\/de\/?page_id=13","title":{"rendered":"\u00dcber uns"},"content":{"rendered":"<p>Die \u00d6sterreich-Bibliothek \u201eElias Canetti\u201c in Ruse (<a href=\"http:\/\/www.oebli.uni-ruse.bg\">www.oebli.uni-ruse.bg<\/a>) wurde am 20. Mai 2005 anl\u00e4sslich des 100. Geburtstags des in Ruse geborenen Literaturnobelpreistr\u00e4gers Elias Canetti er\u00f6ffnet. Die Bibliothek wurde auf Grundlage eines Kulturabkommens zwischen Bulgarien und \u00d6sterreich sowie eines unterzeichneten Vertrags zwischen dem Bundesministerium Europ\u00e4ische und internationale Angelegencheiten der Republik \u00d6sterreich, vertreten durch den Botschafter der Republik \u00d6sterreich in Sofia, der Bezirksverwaltung von Ruse, der Gemeinde Ruse, der Universit\u00e4t Ruse \u201eAngel Kantschew\u201c und der Internationalen \u201eElias Canetti\u201c Gesellschaft Ruse gegr\u00fcndet.<br \/>\nDie Bibliothek ist Teil des Netzes der \u00d6sterreichisch- Bibliotheken (<a href=\"http:\/\/www.oesterreich-bibliotheken.at\">www.oesterreich-bibliotheken.at<\/a>), die vom Bundesministerium Europ\u00e4ische und internationale Angelegencheiten der Republik \u00d6sterreich eingerichtet wurden. Sie ist eine von drei \u00d6sterreich-Bibliotheken in Bulgarien und eine von insgesamt 65 Bibliotheken weltweit. \u00d6sterreich-Bibliothek \u201eElias Canetti\u201c in Ruse steht unter der organisatorischen Leitung der Internationalen \u201eElias Canetti\u201c Gesellschaft Ruse (<a href=\"http:\/\/www.eliascanetti.org\">www.eliascanetti.org<\/a>). Methodisch wird die \u00d6sterreich-Bibliothek von der Universit\u00e4tsbibliothek der Universit\u00e4t Ruse \u201eAngel Kantschew\u201c unterst\u00fctzt und geleitet.<\/p>\n<p>Der Bibliotheksbestand wird durch regelm\u00e4\u00dfige Lieferungen vom Bundesministerium Europ\u00e4ische und internationale Angelegencheiten der Republik \u00d6sterreich bereitgestellt und erg\u00e4nzt und umfasst derzeit etwa 6286 B\u00e4nde und audiovisuelles Material. Der Schwerpunkt liegt auf den Themen \u00f6sterreichische Literatur (einschlie\u00dflich Werke von und \u00fcber Elias Canetti), Geschichte, Kultur, Kunst und Literaturkritik in \u00d6sterreich, Geschichte Europas und der Welt sowie Europ\u00e4ische Integration und Balkanistik. Die Bibliothek verf\u00fcgt \u00fcber Werke von Elias Canetti in 21 Sprachen, die eine Schenkung von Dr. Thomas Franz Schneider (Basel, Schweiz) und anderen Spendern darstellen. Durch einige Schenkungen befindet sich in der Bibliothek auch Literatur aus Deutschland, Liechtenstein, der Schweiz und Rum\u00e4nien. Ein Teil des Bestandes ist bereits im Online-Katalog (<a href=\"https:\/\/cat-oebibli.uni-ruse.bg\">https:\/\/cat-oebibli.uni-ruse.bg<\/a>), der mit dem elektronischen Bibliotheksnetz der Universit\u00e4t Ruse verbunden ist, erfasst, und der Prozess der Bestandserfassung wird fortgesetzt. Zum Bibliotheksbestand geh\u00f6ren au\u00dferdem Zeitschriften, Audio- und Videokassetten sowie CDs.<\/p>\n<p>Am 1. Januar 2007, dem Beitrittstag der Republik Bulgarien zur Europ\u00e4ischen Union, besuchte die Au\u00dfenministerin der Republik \u00d6sterreich, Ursula Plassnik, die Bibliothek und spendete 10.000 Euro zur Bereicherung ihres Bestandes.<br \/>\nDie T\u00e4tigkeit der Bibliothek beschr\u00e4nkt sich nicht auf die Bereitstellung des Bibliotheksbestandes. Seit ihrer Er\u00f6ffnung erf\u00fcllt die Bibliothek die Funktion eines \u00f6sterreichischen und deutschsprachigen Zentrums f\u00fcr Kultur, Wissenschaft, Information und B\u00fcrgerbildung f\u00fcr ein breites Publikum, was auch den Aktivit\u00e4ten der Internationalen \u201eElias Canetti\u201c Gesellschaft und des Verlags \u201eMD Elias Canetti\u201c zu verdanken ist, die B\u00fcros in den R\u00e4umlichkeiten der Bibliothek unterhalten. Die Bibliothek beteiligt sich an der Organisation wissenschaftlicher, kultureller und bildender Veranstaltungen: literarische Lesungen, Vortr\u00e4ge, Seminare, Diskussionsforen, Konferenzen, Buchpr\u00e4sentationen sowie Ausstellungen, Filmvorf\u00fchrungen und Theaterauff\u00fchrungen, Integrationsprogramme f\u00fcr Sch\u00fcler\/innen, Student\/innen und B\u00fcrger\/innen in Zusammenarbeit mit der \u00d6sterreichischen Gesellschaft f\u00fcr Literatur in Wien, dem Goethe-Institut Sofia und andere kulturelle Institute im Land und im Ausland. Die organisatorische T\u00e4tigkeit der Bibliothek wird mit der Botschaft der Republik \u00d6sterreich in Sofia abgestimmt, w\u00e4hrend die programmatische T\u00e4tigkeit mit der Internationalen \u201eElias Canetti\u201c Gesellschaft koordiniert wird.<\/p>\n","protected":false},"excerpt":{"rendered":"<p>Die \u00d6sterreich-Bibliothek \u201eElias Canetti\u201c in Ruse (www.oebli.uni-ruse.bg) wurde am 20. Mai 2005 anl\u00e4sslich des 100. Geburtstags des in Ruse geborenen Literaturnobelpreistr\u00e4gers Elias Canetti er\u00f6ffnet. Die Bibliothek wurde auf Grundlage eines Kulturabkommens zwischen Bulgarien und \u00d6sterreich sowie eines unterzeichneten Vertrags zwischen dem Bundesministerium Europ\u00e4ische und internationale Angelegencheiten der Republik \u00d6sterreich, vertreten durch den Botschafter der Republik [&hellip;]<\/p>\n","protected":false},"author":1,"featured_media":0,"parent":1,"menu_order":0,"comment_status":"closed","ping_status":"closed","template":"","meta":[],"_links":{"self":[{"href":"https:\/\/oebibli.uni-ruse.bg\/de\/index.php?rest_route=\/wp\/v2\/pages\/13"}],"collection":[{"href":"https:\/\/oebibli.uni-ruse.bg\/de\/index.php?rest_route=\/wp\/v2\/pages"}],"about":[{"href":"https:\/\/oebibli.uni-ruse.bg\/de\/index.php?rest_route=\/wp\/v2\/types\/page"}],"author":[{"embeddable":true,"href":"https:\/\/oebibli.uni-ruse.bg\/de\/index.php?rest_route=\/wp\/v2\/users\/1"}],"replies":[{"embeddable":true,"href":"https:\/\/oebibli.uni-ruse.bg\/de\/index.php?rest_route=%2Fwp%2Fv2%2Fcomments&post=13"}],"version-history":[{"count":20,"href":"https:\/\/oebibli.uni-ruse.bg\/de\/index.php?rest_route=\/wp\/v2\/pages\/13\/revisions"}],"predecessor-version":[{"id":222,"href":"https:\/\/oebibli.uni-ruse.bg\/de\/index.php?rest_route=\/wp\/v2\/pages\/13\/revisions\/222"}],"up":[{"embeddable":true,"href":"https:\/\/oebibli.uni-ruse.bg\/de\/index.php?rest_route=\/wp\/v2\/pages\/1"}],"wp:attachment":[{"href":"https:\/\/oebibli.uni-ruse.bg\/de\/index.php?rest_route=%2Fwp%2Fv2%2Fmedia&parent=13"}],"curies":[{"name":"wp","href":"https:\/\/api.w.org\/{rel}","templated":true}]}}