{"id":15,"date":"2007-04-16T14:47:16","date_gmt":"2007-04-16T11:47:16","guid":{"rendered":"http:\/\/www.oebibli.ru.acad.bg\/de\/?page_id=15"},"modified":"2026-02-09T13:21:38","modified_gmt":"2026-02-09T10:21:38","slug":"%d1%80%d0%b5%d1%81%d1%83%d1%80%d1%81%d0%b8","status":"publish","type":"page","link":"https:\/\/oebibli.uni-ruse.bg\/de\/?page_id=15","title":{"rendered":"Bibliotheksbestand"},"content":{"rendered":"<p>Der Bibliotheksbestand wird \u00fcber regelm\u00e4\u00dfige Zuwendungen des \u00f6sterreichischen Bundesministeriums f\u00fcr Europa, Integration und \u00c4u\u00dferes stetig erweitert. Teil des Bestandes sind zudem Schenkungen der Robert Bosch Stiftung und von der Schweizerischen Botschaft Sofia. Der komplette Bibliotheksbestand (Ende 2025) z\u00e4hlt ca. 5860 B\u00e4nde und ca. 430 weitere Medieneinheiten (Audio- und Videokassetten, CDs, DVDs) sowie Zeitschriften u.a.<\/p>\n<p>Schwerpunkte bilden die Themen Geschichte, Kultur, Wissenschaft, Literatur, Kunst, Politik und Zivilgesellschaft \u00d6sterreichs sowie europ\u00e4ische Integration, Europa- und Weltgeschichte.<\/p>\n<p>Der B\u00fccherbestand ist zum Teil in einem Online-Katalog <a href=\"https:\/\/cat-oebibli.uni-ruse.bg\/\">https:\/\/cat-oebibli.uni-ruse.bg\/<\/a> erfasst und der Prozess der Online-Katalogisiering wird fortgesetzt. Der Online-Katalog ist mit dem Server der Universit\u00e4tsbibliothek der Angel-Kantschev-Universit\u00e4t Ruse elektronisch verkn\u00fcpft.<\/p>\n<p><strong><em>\u00a0<\/em><\/strong><\/p>\n","protected":false},"excerpt":{"rendered":"<p>Der Bibliotheksbestand wird \u00fcber regelm\u00e4\u00dfige Zuwendungen des \u00f6sterreichischen Bundesministeriums f\u00fcr Europa, Integration und \u00c4u\u00dferes stetig erweitert. Teil des Bestandes sind zudem Schenkungen der Robert Bosch Stiftung und von der Schweizerischen Botschaft Sofia. Der komplette Bibliotheksbestand (Ende 2025) z\u00e4hlt ca. 5860 B\u00e4nde und ca. 430 weitere Medieneinheiten (Audio- und Videokassetten, CDs, DVDs) sowie Zeitschriften u.a. Schwerpunkte [&hellip;]<\/p>\n","protected":false},"author":1,"featured_media":0,"parent":1,"menu_order":0,"comment_status":"closed","ping_status":"closed","template":"","meta":[],"_links":{"self":[{"href":"https:\/\/oebibli.uni-ruse.bg\/de\/index.php?rest_route=\/wp\/v2\/pages\/15"}],"collection":[{"href":"https:\/\/oebibli.uni-ruse.bg\/de\/index.php?rest_route=\/wp\/v2\/pages"}],"about":[{"href":"https:\/\/oebibli.uni-ruse.bg\/de\/index.php?rest_route=\/wp\/v2\/types\/page"}],"author":[{"embeddable":true,"href":"https:\/\/oebibli.uni-ruse.bg\/de\/index.php?rest_route=\/wp\/v2\/users\/1"}],"replies":[{"embeddable":true,"href":"https:\/\/oebibli.uni-ruse.bg\/de\/index.php?rest_route=%2Fwp%2Fv2%2Fcomments&post=15"}],"version-history":[{"count":14,"href":"https:\/\/oebibli.uni-ruse.bg\/de\/index.php?rest_route=\/wp\/v2\/pages\/15\/revisions"}],"predecessor-version":[{"id":225,"href":"https:\/\/oebibli.uni-ruse.bg\/de\/index.php?rest_route=\/wp\/v2\/pages\/15\/revisions\/225"}],"up":[{"embeddable":true,"href":"https:\/\/oebibli.uni-ruse.bg\/de\/index.php?rest_route=\/wp\/v2\/pages\/1"}],"wp:attachment":[{"href":"https:\/\/oebibli.uni-ruse.bg\/de\/index.php?rest_route=%2Fwp%2Fv2%2Fmedia&parent=15"}],"curies":[{"name":"wp","href":"https:\/\/api.w.org\/{rel}","templated":true}]}}