{"id":21,"date":"2007-04-16T14:48:19","date_gmt":"2007-04-16T11:48:19","guid":{"rendered":"http:\/\/www.oebibli.ru.acad.bg\/de\/?page_id=21"},"modified":"2015-04-28T12:59:15","modified_gmt":"2015-04-28T09:59:15","slug":"%d0%bf%d1%80%d0%b0%d0%b2%d0%b8%d0%bb%d0%b0","status":"publish","type":"page","link":"https:\/\/oebibli.uni-ruse.bg\/de\/?page_id=21","title":{"rendered":"Ben\u00fctzungsordnung"},"content":{"rendered":"<h3>Auszug aus der Ben\u00fctzungsordnung der \u00d6sterreich-Bibliothek Ruse<\/h3>\n<p>1. Die Ben\u00fctzung der Bibliothek ist kostenlos.<br \/>\n2. Die Ben\u00fctzung der Best\u00e4nde der Bibliothek ist nur mit einer g\u00fcltigen  Ben\u00fctzungskarte gestattet.<br \/>\n3. Die Karte darf nicht an andere Personen weitergegeben werden.<br \/>\n4. Ein Teil der Best\u00e4nde kann entlehnt werden, ein anderer Teil ist von der Entlehnung ausgeschlossen (Pr\u00e4senzbest\u00e4nde).<br \/>\n5. Die Ben\u00fctzerInnen  k\u00f6nnen nicht mehr als 3 B\u00fccher gleichzeitig entlehnen.<br \/>\n6. Die Entlehnfrist betr\u00e4gt 1 Monat. Sie kann um noch 1 Monat nach Vorlage der entlehnten B\u00fccher verl\u00e4ngert werden. Mit Ablauf der Entlehnfrist sind sie unaufgefordert zur\u00fcckzustellen.<br \/>\n7. Die Best\u00e4nde und das Inventar der Bibliothek sind mit gr\u00f6\u00dfter Schonung zu behandeln. Jede Art der Besch\u00e4digung und Verschmutzung der Best\u00e4nde ist zu vermeiden. Als Besch\u00e4digung gelten auch Eintragungen jeder Art, wie Anstreichungen und Berichtigungen, sowie das Knicken von Bl\u00e4ttern.<br \/>\n8. Bei Besch\u00e4digung oder Verlust ist voller Ersatz gem\u00e4\u00df den g\u00fcltigen Vorschriften zu leisten.<br \/>\n9. Im Biblotheksraum ist jedes st\u00f6rende Verhalten zu unterlassen.<br \/>\n10. Essen, Trinken, Rauchen und die Verwendung von Mobiltelefonen ist nicht gestattet.<br \/>\n11. Den Personen, die der Ben\u00fctzungsordnung zuwiderhandeln, kann das Ben\u00fctzungsrecht f\u00fcr 1 Monat  oder fristlos eingeschr\u00e4nkt werden.<\/p>\n","protected":false},"excerpt":{"rendered":"<p>Auszug aus der Ben\u00fctzungsordnung der \u00d6sterreich-Bibliothek Ruse 1. Die Ben\u00fctzung der Bibliothek ist kostenlos. 2. Die Ben\u00fctzung der Best\u00e4nde der Bibliothek ist nur mit einer g\u00fcltigen Ben\u00fctzungskarte gestattet. 3. Die Karte darf nicht an andere Personen weitergegeben werden. 4. Ein Teil der Best\u00e4nde kann entlehnt werden, ein anderer Teil ist von der Entlehnung ausgeschlossen (Pr\u00e4senzbest\u00e4nde). [&hellip;]<\/p>\n","protected":false},"author":1,"featured_media":0,"parent":2,"menu_order":0,"comment_status":"closed","ping_status":"closed","template":"","meta":[],"_links":{"self":[{"href":"https:\/\/oebibli.uni-ruse.bg\/de\/index.php?rest_route=\/wp\/v2\/pages\/21"}],"collection":[{"href":"https:\/\/oebibli.uni-ruse.bg\/de\/index.php?rest_route=\/wp\/v2\/pages"}],"about":[{"href":"https:\/\/oebibli.uni-ruse.bg\/de\/index.php?rest_route=\/wp\/v2\/types\/page"}],"author":[{"embeddable":true,"href":"https:\/\/oebibli.uni-ruse.bg\/de\/index.php?rest_route=\/wp\/v2\/users\/1"}],"replies":[{"embeddable":true,"href":"https:\/\/oebibli.uni-ruse.bg\/de\/index.php?rest_route=%2Fwp%2Fv2%2Fcomments&post=21"}],"version-history":[{"count":1,"href":"https:\/\/oebibli.uni-ruse.bg\/de\/index.php?rest_route=\/wp\/v2\/pages\/21\/revisions"}],"predecessor-version":[{"id":178,"href":"https:\/\/oebibli.uni-ruse.bg\/de\/index.php?rest_route=\/wp\/v2\/pages\/21\/revisions\/178"}],"up":[{"embeddable":true,"href":"https:\/\/oebibli.uni-ruse.bg\/de\/index.php?rest_route=\/wp\/v2\/pages\/2"}],"wp:attachment":[{"href":"https:\/\/oebibli.uni-ruse.bg\/de\/index.php?rest_route=%2Fwp%2Fv2%2Fmedia&parent=21"}],"curies":[{"name":"wp","href":"https:\/\/api.w.org\/{rel}","templated":true}]}}