{"id":32,"date":"2007-04-16T14:55:07","date_gmt":"2007-04-16T11:55:07","guid":{"rendered":"http:\/\/www.oebibli.ru.acad.bg\/de\/?page_id=32"},"modified":"2015-04-28T14:31:29","modified_gmt":"2015-04-28T11:31:29","slug":"%d0%bf%d0%be%d0%bb%d0%b5%d0%b7%d0%bd%d0%b8-%d0%b2%d1%80%d1%8a%d0%b7%d0%ba%d0%b8","status":"publish","type":"page","link":"https:\/\/oebibli.uni-ruse.bg\/de\/?page_id=32","title":{"rendered":"Partner"},"content":{"rendered":"<ul>\n<li><a href=\"http:\/\/www.oesterreich-bibliotheken.at\/\">\u00d6sterreich-Bibliotheken Wien<\/a><\/li>\n<li><a href=\"http:\/\/www.bmeia.gv.at\/botschaft\/sofia.html\">\u00d6sterreichische Botschaft Sofia<\/a><\/li>\n<li><a href=\"http:\/\/www.idm.at\/\">\u00d6sterreichische Gesellschaft f\u00fcr Literatur Wien<\/a><\/li>\n<li><a href=\"http:\/\/www.inst.at\/\">Institut f\u00fcr den Donauraum und Mitteleuropa (IDM)<\/a><\/li>\n<li><a href=\"http:\/\/www.canettigesellschaft.ru.acad.bg\/\">Internationale Elias Canetti Gesellschaft Rousse <\/a><\/li>\n<li><a href=\"http:\/\/library.uni-ruse.bg\/\">Universit\u00e4tsbibliothek Ruse<\/a><\/li>\n<li><a href=\"http:\/\/www.uni-ruse.bg\/Centers\/BRIE\">BRIE Rousse<\/a><\/li>\n<li><a href=\"http:\/\/www.uni-vt.bg\/2\/?page=1065&#038;zid=108\">\u00d6sterreich-Bibliothek Veliko Tarnovo<\/a><\/li>\n<li><a href=\"https:\/\/www.uni-sofia.bg\/index.php\/eng\/the_university\/independent_structures\/university_library\/library_branches_at_the_faculties\">\u00d6sterreich-Bibliothek Sofia<\/a><\/li>\n<li><a href=\"http:\/\/www.libruse.bg\/\">Regionalbibliothek Rousse<\/a><\/li>\n<li><a href=\"http:\/\/www.ruse.bg\/\">Regionalverwaltung Rousse<\/a><\/li>\n<li><a href=\"http:\/\/ruse-bg.eu\/index.php\">Gemeinde Rousse<\/a><\/li>\n<li><a href=\"http:\/\/www.goethe.de\/ins\/bg\/bg\/sof.html\">Goethe-Institut Sofia<\/a><\/li>\n<\/ul>\n<\/ul>\n<p>&nbsp;<\/p>\n<p><strong><em>\u00a0<\/em><\/strong><\/p>\n<h2><\/h2>\n","protected":false},"excerpt":{"rendered":"<p>\u00d6sterreich-Bibliotheken Wien \u00d6sterreichische Botschaft Sofia \u00d6sterreichische Gesellschaft f\u00fcr Literatur Wien Institut f\u00fcr den Donauraum und Mitteleuropa (IDM) Internationale Elias Canetti Gesellschaft Rousse Universit\u00e4tsbibliothek Ruse BRIE Rousse \u00d6sterreich-Bibliothek Veliko Tarnovo \u00d6sterreich-Bibliothek Sofia Regionalbibliothek Rousse Regionalverwaltung Rousse Gemeinde Rousse Goethe-Institut Sofia &nbsp; \u00a0<\/p>\n","protected":false},"author":1,"featured_media":0,"parent":3,"menu_order":0,"comment_status":"closed","ping_status":"closed","template":"","meta":[],"_links":{"self":[{"href":"https:\/\/oebibli.uni-ruse.bg\/de\/index.php?rest_route=\/wp\/v2\/pages\/32"}],"collection":[{"href":"https:\/\/oebibli.uni-ruse.bg\/de\/index.php?rest_route=\/wp\/v2\/pages"}],"about":[{"href":"https:\/\/oebibli.uni-ruse.bg\/de\/index.php?rest_route=\/wp\/v2\/types\/page"}],"author":[{"embeddable":true,"href":"https:\/\/oebibli.uni-ruse.bg\/de\/index.php?rest_route=\/wp\/v2\/users\/1"}],"replies":[{"embeddable":true,"href":"https:\/\/oebibli.uni-ruse.bg\/de\/index.php?rest_route=%2Fwp%2Fv2%2Fcomments&post=32"}],"version-history":[{"count":7,"href":"https:\/\/oebibli.uni-ruse.bg\/de\/index.php?rest_route=\/wp\/v2\/pages\/32\/revisions"}],"predecessor-version":[{"id":182,"href":"https:\/\/oebibli.uni-ruse.bg\/de\/index.php?rest_route=\/wp\/v2\/pages\/32\/revisions\/182"}],"up":[{"embeddable":true,"href":"https:\/\/oebibli.uni-ruse.bg\/de\/index.php?rest_route=\/wp\/v2\/pages\/3"}],"wp:attachment":[{"href":"https:\/\/oebibli.uni-ruse.bg\/de\/index.php?rest_route=%2Fwp%2Fv2%2Fmedia&parent=32"}],"curies":[{"name":"wp","href":"https:\/\/api.w.org\/{rel}","templated":true}]}}